{"id":498,"date":"2025-10-19T00:30:59","date_gmt":"2025-10-19T03:30:59","guid":{"rendered":"https:\/\/ahgestaoemarketing.com.br\/?page_id=498"},"modified":"2025-10-21T11:56:33","modified_gmt":"2025-10-21T14:56:33","slug":"sobre","status":"publish","type":"page","link":"https:\/\/ahgestaoemarketing.com.br\/en\/sobre\/","title":{"rendered":"Sobre A\/H Gest\u00e3o de Vendas &amp; Marketing"},"content":{"rendered":"<p>No turismo, ter uma boa ideia j\u00e1 n\u00e3o basta. \u00c9 preciso tirar o plano do papel, transformar o caos em processo, alinhar a opera\u00e7\u00e3o com a experi\u00eancia \u2014 e entregar resultado com consist\u00eancia. Foi assim que nasceu o nosso trabalho: da escuta ativa de gestores que estavam cansados do improviso, das promessas gen\u00e9ricas e dos modismos sem profundidade.<\/p>\n\n\n\n<div style=\"height:50px\" aria-hidden=\"true\" class=\"wp-block-spacer\"><\/div>\n\n\n\n<h2 class=\"wp-block-heading\" id=\"h-trazemos-a-coragem-para-mudar-e-a-expertise-para-implementar\">Trazemos a coragem para mudar e a expertise para implementar<\/h2>\n\n\n\n<p>Somos uma consultoria especializada em meios de hospedagem, atrativos tur\u00edsticos, experi\u00eancias e destinos. Atuamos na intersec\u00e7\u00e3o entre estrat\u00e9gia, marketing, vendas, posicionamento e experi\u00eancia do cliente \u2014 com foco em gerar crescimento sustent\u00e1vel.<\/p>\n\n\n\n<p>Unimos m\u00e9todo, sensibilidade e pr\u00e1tica. Fazemos junto com voc\u00ea, respeitando a cultura local e desenhando solu\u00e7\u00f5es aplic\u00e1veis \u00e0 sua realidade.<\/p>","protected":false},"excerpt":{"rendered":"<p>No turismo, ter uma boa ideia j\u00e1 n\u00e3o basta. \u00c9 preciso tirar o plano do papel, transformar o caos em processo, alinhar a opera\u00e7\u00e3o com a experi\u00eancia \u2014 e entregar resultado com consist\u00eancia. Foi assim que nasceu o nosso trabalho: da escuta ativa de gestores que estavam cansados do improviso, das promessas gen\u00e9ricas e dos [&hellip;]<\/p>\n","protected":false},"author":1,"featured_media":112,"parent":0,"menu_order":0,"comment_status":"closed","ping_status":"closed","template":"","meta":{"_daextam_enable_autolinks":"1","footnotes":""},"class_list":["post-498","page","type-page","status-publish","has-post-thumbnail","hentry",""],"yoast_head":"<!-- This site is optimized with the Yoast SEO Premium plugin v27.5 (Yoast SEO v27.5) - https:\/\/yoast.com\/product\/yoast-seo-premium-wordpress\/ -->\n<title>Sobre<\/title>\n<meta name=\"description\" content=\"Consultoria especializada em turismo, meios de hospedagem e experi\u00eancias. Estrat\u00e9gia, marketing, vendas e gest\u00e3o com foco em crescimento sustent\u00e1vel.\" \/>\n<meta name=\"robots\" content=\"index, follow, max-snippet:-1, max-image-preview:large, max-video-preview:-1\" \/>\n<link rel=\"canonical\" href=\"https:\/\/ahgestaoemarketing.com.br\/en\/sobre\/\" \/>\n<meta property=\"og:locale\" content=\"en_US\" \/>\n<meta property=\"og:type\" content=\"article\" \/>\n<meta property=\"og:title\" content=\"Sobre A\/H Gest\u00e3o de Vendas &amp; Marketing\" \/>\n<meta property=\"og:description\" content=\"Consultoria especializada em turismo, meios de hospedagem e experi\u00eancias. Estrat\u00e9gia, marketing, vendas e gest\u00e3o com foco em crescimento sustent\u00e1vel.\" \/>\n<meta property=\"og:url\" content=\"https:\/\/ahgestaoemarketing.com.br\/en\/sobre\/\" \/>\n<meta property=\"og:site_name\" content=\"A\/H - Gest\u00e3o de Vendas &amp; Marketing\" \/>\n<meta property=\"article:modified_time\" content=\"2025-10-21T14:56:33+00:00\" \/>\n<meta property=\"og:image\" content=\"https:\/\/ahgestaoemarketing.com.br\/wp-content\/uploads\/2025\/04\/ah-gestao-de-vendas-e-marketing-hotelaria-turismo-hospedagem-rio-grande-do-sul-santa-catarina.jpg\" \/>\n\t<meta property=\"og:image:width\" content=\"900\" \/>\n\t<meta property=\"og:image:height\" content=\"900\" \/>\n\t<meta property=\"og:image:type\" content=\"image\/jpeg\" \/>\n<meta name=\"twitter:card\" content=\"summary_large_image\" \/>\n<meta name=\"twitter:label1\" content=\"Est. reading time\" \/>\n\t<meta name=\"twitter:data1\" content=\"1 minute\" \/>\n<script type=\"application\/ld+json\" class=\"yoast-schema-graph\">{\"@context\":\"https:\\\/\\\/schema.org\",\"@graph\":[{\"@type\":\"WebPage\",\"@id\":\"https:\\\/\\\/ahgestaoemarketing.com.br\\\/sobre\\\/\",\"url\":\"https:\\\/\\\/ahgestaoemarketing.com.br\\\/sobre\\\/\",\"name\":\"Sobre\",\"isPartOf\":{\"@id\":\"https:\\\/\\\/ahgestaoemarketing.com.br\\\/#website\"},\"primaryImageOfPage\":{\"@id\":\"https:\\\/\\\/ahgestaoemarketing.com.br\\\/sobre\\\/#primaryimage\"},\"image\":{\"@id\":\"https:\\\/\\\/ahgestaoemarketing.com.br\\\/sobre\\\/#primaryimage\"},\"thumbnailUrl\":\"https:\\\/\\\/ahgestaoemarketing.com.br\\\/wp-content\\\/uploads\\\/2025\\\/04\\\/ah-gestao-de-vendas-e-marketing-hotelaria-turismo-hospedagem-rio-grande-do-sul-santa-catarina-e1774659350703.jpg\",\"datePublished\":\"2025-10-19T03:30:59+00:00\",\"dateModified\":\"2025-10-21T14:56:33+00:00\",\"description\":\"Consultoria especializada em turismo, meios de hospedagem e experi\u00eancias. Estrat\u00e9gia, marketing, vendas e gest\u00e3o com foco em crescimento sustent\u00e1vel.\",\"breadcrumb\":{\"@id\":\"https:\\\/\\\/ahgestaoemarketing.com.br\\\/sobre\\\/#breadcrumb\"},\"inLanguage\":\"en-US\",\"potentialAction\":[{\"@type\":\"ReadAction\",\"target\":[\"https:\\\/\\\/ahgestaoemarketing.com.br\\\/sobre\\\/\"]}]},{\"@type\":\"ImageObject\",\"inLanguage\":\"en-US\",\"@id\":\"https:\\\/\\\/ahgestaoemarketing.com.br\\\/sobre\\\/#primaryimage\",\"url\":\"https:\\\/\\\/ahgestaoemarketing.com.br\\\/wp-content\\\/uploads\\\/2025\\\/04\\\/ah-gestao-de-vendas-e-marketing-hotelaria-turismo-hospedagem-rio-grande-do-sul-santa-catarina-e1774659350703.jpg\",\"contentUrl\":\"https:\\\/\\\/ahgestaoemarketing.com.br\\\/wp-content\\\/uploads\\\/2025\\\/04\\\/ah-gestao-de-vendas-e-marketing-hotelaria-turismo-hospedagem-rio-grande-do-sul-santa-catarina-e1774659350703.jpg\",\"width\":750,\"height\":750,\"caption\":\"Ah Gestao De Vendas E Marketing Hotelaria Turismo Hospedagem Rio Grande Do Sul Santa Catarina\"},{\"@type\":\"BreadcrumbList\",\"@id\":\"https:\\\/\\\/ahgestaoemarketing.com.br\\\/sobre\\\/#breadcrumb\",\"itemListElement\":[{\"@type\":\"ListItem\",\"position\":1,\"name\":\"In\u00edcio\",\"item\":\"https:\\\/\\\/ahgestaoemarketing.com.br\\\/\"},{\"@type\":\"ListItem\",\"position\":2,\"name\":\"Sobre A\\\/H Gest\u00e3o de Vendas &amp; Marketing\"}]},{\"@type\":\"WebSite\",\"@id\":\"https:\\\/\\\/ahgestaoemarketing.com.br\\\/#website\",\"url\":\"https:\\\/\\\/ahgestaoemarketing.com.br\\\/\",\"name\":\"A\\\/H - Gest\u00e3o de Vendas & Marketing\",\"description\":\"Consultoria especializada na gest\u00e3o de vendas e marketing para hot\u00e9is, pousadas, vin\u00edcolas e empreendimentos tur\u00edsticos. Com foco em diagn\u00f3stico, estrat\u00e9gia e execu\u00e7\u00e3o. Criamos metas personalizadas para aumentar a taxa de ocupa\u00e7\u00e3o, aprimorar a experi\u00eancia do h\u00f3spede e maximizar a receita. Diagn\u00f3stico empresarial, estrutura\u00e7\u00e3o comercial, integra\u00e7\u00e3o de equipes, marketing digital e treinamentos estrat\u00e9gicos, sempre garantindo resultados e um crescimento sustent\u00e1vel. Melhore o posicionamento no mercado e torne os processos mais eficientes. Entre em contato e descubra como podemos transformar a gest\u00e3o de vendas do seu neg\u00f3cio.\",\"publisher\":{\"@id\":\"https:\\\/\\\/ahgestaoemarketing.com.br\\\/#organization\"},\"alternateName\":\"A\\\/H - Gest\u00e3o & Marketing\",\"potentialAction\":[{\"@type\":\"SearchAction\",\"target\":{\"@type\":\"EntryPoint\",\"urlTemplate\":\"https:\\\/\\\/ahgestaoemarketing.com.br\\\/?s={search_term_string}\"},\"query-input\":{\"@type\":\"PropertyValueSpecification\",\"valueRequired\":true,\"valueName\":\"search_term_string\"}}],\"inLanguage\":\"en-US\"},{\"@type\":\"Organization\",\"@id\":\"https:\\\/\\\/ahgestaoemarketing.com.br\\\/#organization\",\"name\":\"A\\\/H - Gest\u00e3o de Vendas & Marketing\",\"alternateName\":\"A\\\/H - Gest\u00e3o & Marketing\",\"url\":\"https:\\\/\\\/ahgestaoemarketing.com.br\\\/\",\"logo\":{\"@type\":\"ImageObject\",\"inLanguage\":\"en-US\",\"@id\":\"https:\\\/\\\/ahgestaoemarketing.com.br\\\/#\\\/schema\\\/logo\\\/image\\\/\",\"url\":\"https:\\\/\\\/ahgestaoemarketing.com.br\\\/wp-content\\\/uploads\\\/2025\\\/04\\\/ah-gestao-de-vendas-e-marketing-hotelaria-turismo-hospedagem-rio-grande-do-sul-santa-catarina.jpg\",\"contentUrl\":\"https:\\\/\\\/ahgestaoemarketing.com.br\\\/wp-content\\\/uploads\\\/2025\\\/04\\\/ah-gestao-de-vendas-e-marketing-hotelaria-turismo-hospedagem-rio-grande-do-sul-santa-catarina.jpg\",\"width\":900,\"height\":900,\"caption\":\"A\\\/H - Gest\u00e3o de Vendas & Marketing\"},\"image\":{\"@id\":\"https:\\\/\\\/ahgestaoemarketing.com.br\\\/#\\\/schema\\\/logo\\\/image\\\/\"},\"sameAs\":[\"https:\\\/\\\/maps.app.goo.gl\\\/saSJLnA6h4QBc2mE9\",\"https:\\\/\\\/www.youtube.com\\\/@AHGest\u00e3odeVendaseMarketing\",\"https:\\\/\\\/www.linkedin.com\\\/company\\\/ah-gestao-de-vendas-e-marketing-consultoria\\\/\",\"http:\\\/\\\/instagram.com\\\/ah.gestaoemarketing\"],\"description\":\"Consultoria especializada na gest\u00e3o de vendas e marketing para hot\u00e9is, pousadas, vin\u00edcolas e empreendimentos tur\u00edsticos. Com foco em diagn\u00f3stico, estrat\u00e9gia e execu\u00e7\u00e3o. Criamos metas personalizadas para aumentar a taxa de ocupa\u00e7\u00e3o, aprimorar a experi\u00eancia do h\u00f3spede e maximizar a receita. Diagn\u00f3stico empresarial, estrutura\u00e7\u00e3o comercial, integra\u00e7\u00e3o de equipes, marketing digital e treinamentos estrat\u00e9gicos, sempre garantindo resultados e um crescimento sustent\u00e1vel. Melhore o posicionamento no mercado e torne os processos mais eficientes. Entre em contato e descubra como podemos transformar a gest\u00e3o de vendas do seu neg\u00f3cio.\",\"email\":\"alexandre@ahgestaoemarketing.com.br\",\"telephone\":\"+5541988051863\",\"foundingDate\":\"2020-01-01\",\"numberOfEmployees\":{\"@type\":\"QuantitativeValue\",\"minValue\":\"1\",\"maxValue\":\"10\"}}]}<\/script>\n<!-- \/ Yoast SEO Premium plugin. -->","yoast_head_json":{"title":"About","description":"Consultoria especializada em turismo, meios de hospedagem e experi\u00eancias. Estrat\u00e9gia, marketing, vendas e gest\u00e3o com foco em crescimento sustent\u00e1vel.","robots":{"index":"index","follow":"follow","max-snippet":"max-snippet:-1","max-image-preview":"max-image-preview:large","max-video-preview":"max-video-preview:-1"},"canonical":"https:\/\/ahgestaoemarketing.com.br\/en\/sobre\/","og_locale":"en_US","og_type":"article","og_title":"Sobre A\/H Gest\u00e3o de Vendas &amp; Marketing","og_description":"Consultoria especializada em turismo, meios de hospedagem e experi\u00eancias. Estrat\u00e9gia, marketing, vendas e gest\u00e3o com foco em crescimento sustent\u00e1vel.","og_url":"https:\/\/ahgestaoemarketing.com.br\/en\/sobre\/","og_site_name":"A\/H - Gest\u00e3o de Vendas &amp; Marketing","article_modified_time":"2025-10-21T14:56:33+00:00","og_image":[{"width":900,"height":900,"url":"https:\/\/ahgestaoemarketing.com.br\/wp-content\/uploads\/2025\/04\/ah-gestao-de-vendas-e-marketing-hotelaria-turismo-hospedagem-rio-grande-do-sul-santa-catarina.jpg","type":"image\/jpeg"}],"twitter_card":"summary_large_image","twitter_misc":{"Est. reading time":"1 minute"},"schema":{"@context":"https:\/\/schema.org","@graph":[{"@type":"WebPage","@id":"https:\/\/ahgestaoemarketing.com.br\/sobre\/","url":"https:\/\/ahgestaoemarketing.com.br\/sobre\/","name":"About","isPartOf":{"@id":"https:\/\/ahgestaoemarketing.com.br\/#website"},"primaryImageOfPage":{"@id":"https:\/\/ahgestaoemarketing.com.br\/sobre\/#primaryimage"},"image":{"@id":"https:\/\/ahgestaoemarketing.com.br\/sobre\/#primaryimage"},"thumbnailUrl":"https:\/\/ahgestaoemarketing.com.br\/wp-content\/uploads\/2025\/04\/ah-gestao-de-vendas-e-marketing-hotelaria-turismo-hospedagem-rio-grande-do-sul-santa-catarina-e1774659350703.jpg","datePublished":"2025-10-19T03:30:59+00:00","dateModified":"2025-10-21T14:56:33+00:00","description":"Consultoria especializada em turismo, meios de hospedagem e experi\u00eancias. Estrat\u00e9gia, marketing, vendas e gest\u00e3o com foco em crescimento sustent\u00e1vel.","breadcrumb":{"@id":"https:\/\/ahgestaoemarketing.com.br\/sobre\/#breadcrumb"},"inLanguage":"en-US","potentialAction":[{"@type":"ReadAction","target":["https:\/\/ahgestaoemarketing.com.br\/sobre\/"]}]},{"@type":"ImageObject","inLanguage":"en-US","@id":"https:\/\/ahgestaoemarketing.com.br\/sobre\/#primaryimage","url":"https:\/\/ahgestaoemarketing.com.br\/wp-content\/uploads\/2025\/04\/ah-gestao-de-vendas-e-marketing-hotelaria-turismo-hospedagem-rio-grande-do-sul-santa-catarina-e1774659350703.jpg","contentUrl":"https:\/\/ahgestaoemarketing.com.br\/wp-content\/uploads\/2025\/04\/ah-gestao-de-vendas-e-marketing-hotelaria-turismo-hospedagem-rio-grande-do-sul-santa-catarina-e1774659350703.jpg","width":750,"height":750,"caption":"Ah Gestao De Vendas E Marketing Hotelaria Turismo Hospedagem Rio Grande Do Sul Santa Catarina"},{"@type":"BreadcrumbList","@id":"https:\/\/ahgestaoemarketing.com.br\/sobre\/#breadcrumb","itemListElement":[{"@type":"ListItem","position":1,"name":"In\u00edcio","item":"https:\/\/ahgestaoemarketing.com.br\/"},{"@type":"ListItem","position":2,"name":"Sobre A\/H Gest\u00e3o de Vendas &amp; Marketing"}]},{"@type":"WebSite","@id":"https:\/\/ahgestaoemarketing.com.br\/#website","url":"https:\/\/ahgestaoemarketing.com.br\/","name":"A\/H - Gest\u00e3o de Vendas & Marketing","description":"Consultancy specializing in sales and marketing management for hotels, inns, wineries and tourist enterprises. We focus on diagnosis, strategy and execution. We create customized goals to increase occupancy rates, improve the guest experience and maximize revenue. Business diagnostics, commercial structuring, team integration, digital marketing and strategic training, always guaranteeing results and sustainable growth. Improve market positioning and make processes more efficient. Get in touch and find out how we can transform your business's sales management.","publisher":{"@id":"https:\/\/ahgestaoemarketing.com.br\/#organization"},"alternateName":"A\/H - Gest\u00e3o & Marketing","potentialAction":[{"@type":"SearchAction","target":{"@type":"EntryPoint","urlTemplate":"https:\/\/ahgestaoemarketing.com.br\/?s={search_term_string}"},"query-input":{"@type":"PropertyValueSpecification","valueRequired":true,"valueName":"search_term_string"}}],"inLanguage":"en-US"},{"@type":"Organization","@id":"https:\/\/ahgestaoemarketing.com.br\/#organization","name":"A\/H - Gest\u00e3o de Vendas & Marketing","alternateName":"A\/H - Gest\u00e3o & Marketing","url":"https:\/\/ahgestaoemarketing.com.br\/","logo":{"@type":"ImageObject","inLanguage":"en-US","@id":"https:\/\/ahgestaoemarketing.com.br\/#\/schema\/logo\/image\/","url":"https:\/\/ahgestaoemarketing.com.br\/wp-content\/uploads\/2025\/04\/ah-gestao-de-vendas-e-marketing-hotelaria-turismo-hospedagem-rio-grande-do-sul-santa-catarina.jpg","contentUrl":"https:\/\/ahgestaoemarketing.com.br\/wp-content\/uploads\/2025\/04\/ah-gestao-de-vendas-e-marketing-hotelaria-turismo-hospedagem-rio-grande-do-sul-santa-catarina.jpg","width":900,"height":900,"caption":"A\/H - Gest\u00e3o de Vendas & Marketing"},"image":{"@id":"https:\/\/ahgestaoemarketing.com.br\/#\/schema\/logo\/image\/"},"sameAs":["https:\/\/maps.app.goo.gl\/saSJLnA6h4QBc2mE9","https:\/\/www.youtube.com\/@AHGest\u00e3odeVendaseMarketing","https:\/\/www.linkedin.com\/company\/ah-gestao-de-vendas-e-marketing-consultoria\/","http:\/\/instagram.com\/ah.gestaoemarketing"],"description":"Consultancy specializing in sales and marketing management for hotels, inns, wineries and tourist enterprises. We focus on diagnosis, strategy and execution. We create customized goals to increase occupancy rates, improve the guest experience and maximize revenue. Business diagnostics, commercial structuring, team integration, digital marketing and strategic training, always guaranteeing results and sustainable growth. Improve market positioning and make processes more efficient. Get in touch and find out how we can transform your business's sales management.","email":"alexandre@ahgestaoemarketing.com.br","telephone":"+5541988051863","foundingDate":"2020-01-01","numberOfEmployees":{"@type":"QuantitativeValue","minValue":"1","maxValue":"10"}}]}},"_links":{"self":[{"href":"https:\/\/ahgestaoemarketing.com.br\/en\/wp-json\/wp\/v2\/pages\/498","targetHints":{"allow":["GET"]}}],"collection":[{"href":"https:\/\/ahgestaoemarketing.com.br\/en\/wp-json\/wp\/v2\/pages"}],"about":[{"href":"https:\/\/ahgestaoemarketing.com.br\/en\/wp-json\/wp\/v2\/types\/page"}],"author":[{"embeddable":true,"href":"https:\/\/ahgestaoemarketing.com.br\/en\/wp-json\/wp\/v2\/users\/1"}],"replies":[{"embeddable":true,"href":"https:\/\/ahgestaoemarketing.com.br\/en\/wp-json\/wp\/v2\/comments?post=498"}],"version-history":[{"count":0,"href":"https:\/\/ahgestaoemarketing.com.br\/en\/wp-json\/wp\/v2\/pages\/498\/revisions"}],"wp:featuredmedia":[{"embeddable":true,"href":"https:\/\/ahgestaoemarketing.com.br\/en\/wp-json\/wp\/v2\/media\/112"}],"wp:attachment":[{"href":"https:\/\/ahgestaoemarketing.com.br\/en\/wp-json\/wp\/v2\/media?parent=498"}],"curies":[{"name":"wp","href":"https:\/\/api.w.org\/{rel}","templated":true}]}}