{"id":481,"date":"2025-10-19T00:24:37","date_gmt":"2025-10-19T03:24:37","guid":{"rendered":"https:\/\/ahgestaoemarketing.com.br\/?page_id=481"},"modified":"2025-10-21T12:24:08","modified_gmt":"2025-10-21T15:24:08","slug":"contato","status":"publish","type":"page","link":"https:\/\/ahgestaoemarketing.com.br\/en\/contato\/","title":{"rendered":"Contact"},"content":{"rendered":"<style id=\"wpforms-css-vars-734\">\n\t\t\t\t#wpforms-734 {\n\t\t\t\t--wpforms-container-padding: 0px;\n--wpforms-container-border-width: 1px;\n--wpforms-container-border-radius: 3px;\n--wpforms-background-color: rgba(0, 0, 0, 0);\n--wpforms-field-size-input-height: 43px;\n--wpforms-field-size-input-spacing: 15px;\n--wpforms-field-size-font-size: 16px;\n--wpforms-field-size-line-height: 19px;\n--wpforms-field-size-padding-h: 14px;\n--wpforms-field-size-checkbox-size: 16px;\n--wpforms-field-size-sublabel-spacing: 5px;\n--wpforms-field-size-icon-size: 1;\n--wpforms-label-size-font-size: 16px;\n--wpforms-label-size-line-height: 19px;\n--wpforms-label-size-sublabel-font-size: 14px;\n--wpforms-label-size-sublabel-line-height: 17px;\n--wpforms-button-size-font-size: 17px;\n--wpforms-button-size-height: 41px;\n--wpforms-button-size-padding-h: 15px;\n--wpforms-button-size-margin-top: 10px;\n--wpforms-container-shadow-size-box-shadow: none;\n\t\t\t}\n\t\t\t<\/style><div class=\"wpforms-container wpforms-container-full wpforms-render-modern\" id=\"wpforms-734\"><form id=\"wpforms-form-734\" class=\"wpforms-validate wpforms-form wpforms-ajax-form\" data-formid=\"734\" method=\"post\" enctype=\"multipart\/form-data\" action=\"\/en\/wp-json\/wp\/v2\/pages\/481\" data-token=\"e9754476fae997120cf15d7ba8de4d45\" data-token-time=\"1778330489\"><noscript class=\"wpforms-error-noscript\">Please enable JavaScript in your browser to complete this form.<\/noscript><div id=\"wpforms-error-noscript\" style=\"display: none;\">Please enable JavaScript in your browser to complete this form.<\/div><div class=\"wpforms-field-container\"><div id=\"wpforms-734-field_1-container\" class=\"wpforms-field wpforms-field-name\" data-field-id=\"1\"><label class=\"wpforms-field-label\" for=\"wpforms-734-field_1\">Seu nome e sobrenome <span class=\"wpforms-required-label\" aria-hidden=\"true\">*<\/span><\/label><input type=\"text\" id=\"wpforms-734-field_1\" class=\"wpforms-field-medium wpforms-field-required\" name=\"wpforms[fields][1]\" aria-errormessage=\"wpforms-734-field_1-error\" required><\/div><div id=\"wpforms-734-field_2-container\" class=\"wpforms-field wpforms-field-email\" data-field-id=\"2\"><label class=\"wpforms-field-label\" for=\"wpforms-734-field_2\">E-mail <span class=\"wpforms-required-label\" aria-hidden=\"true\">*<\/span><\/label><input type=\"email\" id=\"wpforms-734-field_2\" class=\"wpforms-field-medium wpforms-field-required\" name=\"wpforms[fields][2]\" spellcheck=\"false\" aria-errormessage=\"wpforms-734-field_2-error\" required><\/div><div id=\"wpforms-734-field_4-container\" class=\"wpforms-field wpforms-field-number\" data-field-id=\"4\"><label class=\"wpforms-field-label\" for=\"wpforms-734-field_4\">Telefone \/ Whatsapp <span class=\"wpforms-required-label\" aria-hidden=\"true\">*<\/span><\/label><input type=\"number\" id=\"wpforms-734-field_4\" class=\"wpforms-field-medium wpforms-field-required\" name=\"wpforms[fields][4]\" step=\"any\" aria-errormessage=\"wpforms-734-field_4-error\" required><\/div><div id=\"wpforms-734-field_5-container\" class=\"wpforms-field wpforms-field-text\" data-field-id=\"5\"><label class=\"wpforms-field-label\" for=\"wpforms-734-field_5\">Empresa<\/label><input type=\"text\" id=\"wpforms-734-field_5\" class=\"wpforms-field-medium\" name=\"wpforms[fields][5]\" aria-errormessage=\"wpforms-734-field_5-error\" ><\/div><div id=\"wpforms-734-field_3-container\" class=\"wpforms-field wpforms-field-textarea\" data-field-id=\"3\"><label class=\"wpforms-field-label\" for=\"wpforms-734-field_3\">Descreva rapidamente seu neg\u00f3cio<\/label><textarea id=\"wpforms-734-field_3\" class=\"wpforms-field-medium\" name=\"wpforms[fields][3]\" aria-errormessage=\"wpforms-734-field_3-error\" ><\/textarea><\/div>\t\t<div id=\"wpforms-734-field_8-container\"\n\t\t\tclass=\"wpforms-field wpforms-field-text\"\n\t\t\tdata-field-type=\"text\"\n\t\t\tdata-field-id=\"8\"\n\t\t\t>\n\t\t\t<label class=\"wpforms-field-label\" for=\"wpforms-734-field_8\" >servi\u00e7o Qual cargo?<\/label>\n\t\t\t<input type=\"text\" id=\"wpforms-734-field_8\" class=\"wpforms-field-medium\" name=\"wpforms[fields][8]\" >\n\t\t<\/div>\n\t\t<div id=\"wpforms-734-field_6-container\" class=\"wpforms-field wpforms-field-checkbox\" data-field-id=\"6\"><fieldset><legend class=\"wpforms-field-label\">Qual seu cargo?<\/legend><ul id=\"wpforms-734-field_6\"><li class=\"choice-1 depth-1 wpforms-selected\"><input type=\"checkbox\" id=\"wpforms-734-field_6_1\" name=\"wpforms[fields][6][]\" value=\"S\u00f3cio \/ CEO\" aria-errormessage=\"wpforms-734-field_6_1-error\"   checked='checked'><label class=\"wpforms-field-label-inline\" for=\"wpforms-734-field_6_1\">S\u00f3cio \/ CEO<\/label><\/li><li class=\"choice-2 depth-1\"><input type=\"checkbox\" id=\"wpforms-734-field_6_2\" name=\"wpforms[fields][6][]\" value=\"Diretor \/ Gerente\" aria-errormessage=\"wpforms-734-field_6_2-error\"  ><label class=\"wpforms-field-label-inline\" for=\"wpforms-734-field_6_2\">Diretor \/ Gerente<\/label><\/li><li class=\"choice-3 depth-1\"><input type=\"checkbox\" id=\"wpforms-734-field_6_3\" name=\"wpforms[fields][6][]\" value=\"Coordenador \/ Analista\" aria-errormessage=\"wpforms-734-field_6_3-error\"  ><label class=\"wpforms-field-label-inline\" for=\"wpforms-734-field_6_3\">Coordenador \/ Analista<\/label><\/li><li class=\"choice-4 depth-1\"><input type=\"checkbox\" id=\"wpforms-734-field_6_4\" name=\"wpforms[fields][6][]\" value=\"Outro\" aria-errormessage=\"wpforms-734-field_6_4-error\"  ><label class=\"wpforms-field-label-inline\" for=\"wpforms-734-field_6_4\">Outro<\/label><\/li><\/ul><\/fieldset><\/div><div id=\"wpforms-734-field_7-container\" class=\"wpforms-field wpforms-field-checkbox\" data-field-id=\"7\"><fieldset><legend class=\"wpforms-field-label\">Contato preferencial via:<\/legend><ul id=\"wpforms-734-field_7\"><li class=\"choice-1 depth-1\"><input type=\"checkbox\" id=\"wpforms-734-field_7_1\" name=\"wpforms[fields][7][]\" value=\"Whatsapp\" aria-errormessage=\"wpforms-734-field_7_1-error\"  ><label class=\"wpforms-field-label-inline\" for=\"wpforms-734-field_7_1\">Whatsapp<\/label><\/li><li class=\"choice-2 depth-1\"><input type=\"checkbox\" id=\"wpforms-734-field_7_2\" name=\"wpforms[fields][7][]\" value=\"E-mail\" aria-errormessage=\"wpforms-734-field_7_2-error\"  ><label class=\"wpforms-field-label-inline\" for=\"wpforms-734-field_7_2\">E-mail<\/label><\/li><\/ul><\/fieldset><\/div><div id=\"wpforms-734-field_10-container\" class=\"wpforms-field wpforms-field-checkbox\" data-field-id=\"10\"><fieldset><legend class=\"wpforms-field-label\">Qual servi\u00e7o est\u00e1 buscando? <span class=\"wpforms-required-label\" aria-hidden=\"true\">*<\/span><\/legend><ul id=\"wpforms-734-field_10\" class=\"wpforms-field-required\"><li class=\"choice-1 depth-1\"><input type=\"checkbox\" id=\"wpforms-734-field_10_1\" name=\"wpforms[fields][10][]\" value=\"Estutura\u00e7\u00e3o de neg\u00f3cio\" aria-errormessage=\"wpforms-734-field_10_1-error\" required ><label class=\"wpforms-field-label-inline\" for=\"wpforms-734-field_10_1\">Estutura\u00e7\u00e3o de neg\u00f3cio<\/label><\/li><li class=\"choice-5 depth-1\"><input type=\"checkbox\" id=\"wpforms-734-field_10_5\" name=\"wpforms[fields][10][]\" value=\"Planejamento Tur\u00edstico\" aria-errormessage=\"wpforms-734-field_10_5-error\" required ><label class=\"wpforms-field-label-inline\" for=\"wpforms-734-field_10_5\">Planejamento Tur\u00edstico<\/label><\/li><li class=\"choice-4 depth-1\"><input type=\"checkbox\" id=\"wpforms-734-field_10_4\" name=\"wpforms[fields][10][]\" value=\"Educa\u00e7\u00e3o: Mentorias e Treinamentos\" aria-errormessage=\"wpforms-734-field_10_4-error\" required ><label class=\"wpforms-field-label-inline\" for=\"wpforms-734-field_10_4\">Educa\u00e7\u00e3o: Mentorias e Treinamentos<\/label><\/li><li class=\"choice-2 depth-1\"><input type=\"checkbox\" id=\"wpforms-734-field_10_2\" name=\"wpforms[fields][10][]\" value=\"Consultoria de Marketing\" aria-errormessage=\"wpforms-734-field_10_2-error\" required ><label class=\"wpforms-field-label-inline\" for=\"wpforms-734-field_10_2\">Consultoria de Marketing<\/label><\/li><li class=\"choice-3 depth-1\"><input type=\"checkbox\" id=\"wpforms-734-field_10_3\" name=\"wpforms[fields][10][]\" value=\"Consultoria de Vendas\" aria-errormessage=\"wpforms-734-field_10_3-error\" required ><label class=\"wpforms-field-label-inline\" for=\"wpforms-734-field_10_3\">Consultoria de Vendas<\/label><\/li><li class=\"choice-6 depth-1\"><input type=\"checkbox\" id=\"wpforms-734-field_10_6\" name=\"wpforms[fields][10][]\" value=\"Outras informa\u00e7\u00f5es\" aria-errormessage=\"wpforms-734-field_10_6-error\" required ><label class=\"wpforms-field-label-inline\" for=\"wpforms-734-field_10_6\">Outras informa\u00e7\u00f5es<\/label><\/li><\/ul><\/fieldset><\/div><div id=\"wpforms-734-field_11-container\" class=\"wpforms-field wpforms-field-checkbox\" data-field-id=\"11\"><fieldset><legend class=\"wpforms-field-label\">Pol\u00edtica de Privacidade \ud83d\udd12<\/legend><ul id=\"wpforms-734-field_11\"><li class=\"choice-1 depth-1\"><input type=\"checkbox\" id=\"wpforms-734-field_11_1\" name=\"wpforms[fields][11][]\" value=\"Concordo \u2705\" aria-errormessage=\"wpforms-734-field_11_1-error\" aria-describedby=\"wpforms-734-field_11-description\"  ><label class=\"wpforms-field-label-inline\" for=\"wpforms-734-field_11_1\">Concordo \u2705<\/label><\/li><\/ul><div id=\"wpforms-734-field_11-description\" class=\"wpforms-field-description\">Declaro, para todos os fins ser titular dos dados pessoais inseridos no formul\u00e1rio acima e, desde j\u00e1, consinto com o tratamento dos mesmos para os fins do contato referido na respectiva mensagem inserida no campo apropriado para tanto.\n<\/div><\/fieldset><\/div><script>\n\t\t\t\t( function() {\n\t\t\t\t\tconst style = document.createElement( 'style' );\n\t\t\t\t\tstyle.appendChild( document.createTextNode( '#wpforms-734-field_8-container { position: absolute !important; overflow: hidden !important; display: inline !important; height: 1px !important; width: 1px !important; z-index: -1000 !important; padding: 0 !important; } #wpforms-734-field_8-container input { visibility: hidden; } #wpforms-conversational-form-page #wpforms-734-field_8-container label { counter-increment: none; }' ) );\n\t\t\t\t\tdocument.head.appendChild( style );\n\t\t\t\t\tdocument.currentScript?.remove();\n\t\t\t\t} )();\n\t\t\t<\/script><\/div><!-- .wpforms-field-container --><div class=\"wpforms-submit-container\" ><input type=\"hidden\" name=\"wpforms[id]\" value=\"734\"><input type=\"hidden\" name=\"page_title\" value=\"\"><input type=\"hidden\" name=\"page_url\" value=\"https:\/\/ahgestaoemarketing.com.br\/en\/wp-json\/wp\/v2\/pages\/481\"><input type=\"hidden\" name=\"url_referer\" value=\"\"><button type=\"submit\" name=\"wpforms[submit]\" id=\"wpforms-submit-734\" class=\"wpforms-submit\" data-alt-text=\"Enviando\u2026\" data-submit-text=\"Enviar\" aria-live=\"assertive\" value=\"wpforms-submit\">Enviar<\/button><img decoding=\"async\" src=\"https:\/\/ahgestaoemarketing.com.br\/wp-content\/plugins\/wpforms-lite\/assets\/images\/submit-spin.svg\" class=\"wpforms-submit-spinner\" style=\"display: none;\" width=\"26\" height=\"26\" alt=\"Loading\"><\/div><\/form><\/div>  <!-- .wpforms-container -->\n","protected":false},"excerpt":{"rendered":"Please enable JavaScript in your browser to complete this form.Please enable JavaScript in your browser to complete this form.Seu nome e sobrenome *E-mail * Seu Pol\u00edtica Empresa Telefone \/ Whatsapp *EmpresaDescreva rapidamente seu neg\u00f3cioQual seu cargo?S\u00f3cio \/ CEODiretor \/ GerenteCoordenador \/ AnalistaOutroContato preferencial via:WhatsappE-mailQual servi\u00e7o est\u00e1 buscando? *Estutura\u00e7\u00e3o de neg\u00f3cioPlanejamento Tur\u00edsticoEduca\u00e7\u00e3o: Mentorias e TreinamentosConsultoria de [...]","protected":false},"author":1,"featured_media":112,"parent":0,"menu_order":0,"comment_status":"closed","ping_status":"closed","template":"","meta":{"_daextam_enable_autolinks":"1","footnotes":""},"class_list":["post-481","page","type-page","status-publish","has-post-thumbnail","hentry",""],"yoast_head":"<!-- This site is optimized with the Yoast SEO Premium plugin v27.5 (Yoast SEO v27.5) - https:\/\/yoast.com\/product\/yoast-seo-premium-wordpress\/ -->\n<title>Contato<\/title>\n<meta name=\"robots\" content=\"index, follow, max-snippet:-1, max-image-preview:large, max-video-preview:-1\" \/>\n<link rel=\"canonical\" href=\"https:\/\/ahgestaoemarketing.com.br\/en\/contato\/\" \/>\n<meta property=\"og:locale\" content=\"en_US\" \/>\n<meta property=\"og:type\" content=\"article\" \/>\n<meta property=\"og:title\" content=\"Contato\" \/>\n<meta property=\"og:url\" content=\"https:\/\/ahgestaoemarketing.com.br\/en\/contato\/\" \/>\n<meta property=\"og:site_name\" content=\"A\/H - Gest\u00e3o de Vendas &amp; Marketing\" \/>\n<meta property=\"article:modified_time\" content=\"2025-10-21T15:24:08+00:00\" \/>\n<meta property=\"og:image\" content=\"https:\/\/ahgestaoemarketing.com.br\/wp-content\/uploads\/2025\/04\/ah-gestao-de-vendas-e-marketing-hotelaria-turismo-hospedagem-rio-grande-do-sul-santa-catarina.jpg\" \/>\n\t<meta property=\"og:image:width\" content=\"900\" \/>\n\t<meta property=\"og:image:height\" content=\"900\" \/>\n\t<meta property=\"og:image:type\" content=\"image\/jpeg\" \/>\n<meta name=\"twitter:card\" content=\"summary_large_image\" \/>\n<script type=\"application\/ld+json\" class=\"yoast-schema-graph\">{\"@context\":\"https:\\\/\\\/schema.org\",\"@graph\":[{\"@type\":\"WebPage\",\"@id\":\"https:\\\/\\\/ahgestaoemarketing.com.br\\\/contato\\\/\",\"url\":\"https:\\\/\\\/ahgestaoemarketing.com.br\\\/contato\\\/\",\"name\":\"Contato\",\"isPartOf\":{\"@id\":\"https:\\\/\\\/ahgestaoemarketing.com.br\\\/#website\"},\"primaryImageOfPage\":{\"@id\":\"https:\\\/\\\/ahgestaoemarketing.com.br\\\/contato\\\/#primaryimage\"},\"image\":{\"@id\":\"https:\\\/\\\/ahgestaoemarketing.com.br\\\/contato\\\/#primaryimage\"},\"thumbnailUrl\":\"https:\\\/\\\/ahgestaoemarketing.com.br\\\/wp-content\\\/uploads\\\/2025\\\/04\\\/ah-gestao-de-vendas-e-marketing-hotelaria-turismo-hospedagem-rio-grande-do-sul-santa-catarina-e1774659350703.jpg\",\"datePublished\":\"2025-10-19T03:24:37+00:00\",\"dateModified\":\"2025-10-21T15:24:08+00:00\",\"breadcrumb\":{\"@id\":\"https:\\\/\\\/ahgestaoemarketing.com.br\\\/contato\\\/#breadcrumb\"},\"inLanguage\":\"en-US\",\"potentialAction\":[{\"@type\":\"ReadAction\",\"target\":[\"https:\\\/\\\/ahgestaoemarketing.com.br\\\/contato\\\/\"]}]},{\"@type\":\"ImageObject\",\"inLanguage\":\"en-US\",\"@id\":\"https:\\\/\\\/ahgestaoemarketing.com.br\\\/contato\\\/#primaryimage\",\"url\":\"https:\\\/\\\/ahgestaoemarketing.com.br\\\/wp-content\\\/uploads\\\/2025\\\/04\\\/ah-gestao-de-vendas-e-marketing-hotelaria-turismo-hospedagem-rio-grande-do-sul-santa-catarina-e1774659350703.jpg\",\"contentUrl\":\"https:\\\/\\\/ahgestaoemarketing.com.br\\\/wp-content\\\/uploads\\\/2025\\\/04\\\/ah-gestao-de-vendas-e-marketing-hotelaria-turismo-hospedagem-rio-grande-do-sul-santa-catarina-e1774659350703.jpg\",\"width\":750,\"height\":750,\"caption\":\"Ah Gestao De Vendas E Marketing Hotelaria Turismo Hospedagem Rio Grande Do Sul Santa Catarina\"},{\"@type\":\"BreadcrumbList\",\"@id\":\"https:\\\/\\\/ahgestaoemarketing.com.br\\\/contato\\\/#breadcrumb\",\"itemListElement\":[{\"@type\":\"ListItem\",\"position\":1,\"name\":\"In\u00edcio\",\"item\":\"https:\\\/\\\/ahgestaoemarketing.com.br\\\/\"},{\"@type\":\"ListItem\",\"position\":2,\"name\":\"Contato\"}]},{\"@type\":\"WebSite\",\"@id\":\"https:\\\/\\\/ahgestaoemarketing.com.br\\\/#website\",\"url\":\"https:\\\/\\\/ahgestaoemarketing.com.br\\\/\",\"name\":\"A\\\/H - Gest\u00e3o de Vendas & Marketing\",\"description\":\"Consultoria especializada na gest\u00e3o de vendas e marketing para hot\u00e9is, pousadas, vin\u00edcolas e empreendimentos tur\u00edsticos. Com foco em diagn\u00f3stico, estrat\u00e9gia e execu\u00e7\u00e3o. Criamos metas personalizadas para aumentar a taxa de ocupa\u00e7\u00e3o, aprimorar a experi\u00eancia do h\u00f3spede e maximizar a receita. Diagn\u00f3stico empresarial, estrutura\u00e7\u00e3o comercial, integra\u00e7\u00e3o de equipes, marketing digital e treinamentos estrat\u00e9gicos, sempre garantindo resultados e um crescimento sustent\u00e1vel. Melhore o posicionamento no mercado e torne os processos mais eficientes. Entre em contato e descubra como podemos transformar a gest\u00e3o de vendas do seu neg\u00f3cio.\",\"publisher\":{\"@id\":\"https:\\\/\\\/ahgestaoemarketing.com.br\\\/#organization\"},\"alternateName\":\"A\\\/H - Gest\u00e3o & Marketing\",\"potentialAction\":[{\"@type\":\"SearchAction\",\"target\":{\"@type\":\"EntryPoint\",\"urlTemplate\":\"https:\\\/\\\/ahgestaoemarketing.com.br\\\/?s={search_term_string}\"},\"query-input\":{\"@type\":\"PropertyValueSpecification\",\"valueRequired\":true,\"valueName\":\"search_term_string\"}}],\"inLanguage\":\"en-US\"},{\"@type\":\"Organization\",\"@id\":\"https:\\\/\\\/ahgestaoemarketing.com.br\\\/#organization\",\"name\":\"A\\\/H - Gest\u00e3o de Vendas & Marketing\",\"alternateName\":\"A\\\/H - Gest\u00e3o & Marketing\",\"url\":\"https:\\\/\\\/ahgestaoemarketing.com.br\\\/\",\"logo\":{\"@type\":\"ImageObject\",\"inLanguage\":\"en-US\",\"@id\":\"https:\\\/\\\/ahgestaoemarketing.com.br\\\/#\\\/schema\\\/logo\\\/image\\\/\",\"url\":\"https:\\\/\\\/ahgestaoemarketing.com.br\\\/wp-content\\\/uploads\\\/2025\\\/04\\\/ah-gestao-de-vendas-e-marketing-hotelaria-turismo-hospedagem-rio-grande-do-sul-santa-catarina.jpg\",\"contentUrl\":\"https:\\\/\\\/ahgestaoemarketing.com.br\\\/wp-content\\\/uploads\\\/2025\\\/04\\\/ah-gestao-de-vendas-e-marketing-hotelaria-turismo-hospedagem-rio-grande-do-sul-santa-catarina.jpg\",\"width\":900,\"height\":900,\"caption\":\"A\\\/H - Gest\u00e3o de Vendas & Marketing\"},\"image\":{\"@id\":\"https:\\\/\\\/ahgestaoemarketing.com.br\\\/#\\\/schema\\\/logo\\\/image\\\/\"},\"sameAs\":[\"https:\\\/\\\/maps.app.goo.gl\\\/saSJLnA6h4QBc2mE9\",\"https:\\\/\\\/www.youtube.com\\\/@AHGest\u00e3odeVendaseMarketing\",\"https:\\\/\\\/www.linkedin.com\\\/company\\\/ah-gestao-de-vendas-e-marketing-consultoria\\\/\",\"http:\\\/\\\/instagram.com\\\/ah.gestaoemarketing\"],\"description\":\"Consultoria especializada na gest\u00e3o de vendas e marketing para hot\u00e9is, pousadas, vin\u00edcolas e empreendimentos tur\u00edsticos. Com foco em diagn\u00f3stico, estrat\u00e9gia e execu\u00e7\u00e3o. Criamos metas personalizadas para aumentar a taxa de ocupa\u00e7\u00e3o, aprimorar a experi\u00eancia do h\u00f3spede e maximizar a receita. Diagn\u00f3stico empresarial, estrutura\u00e7\u00e3o comercial, integra\u00e7\u00e3o de equipes, marketing digital e treinamentos estrat\u00e9gicos, sempre garantindo resultados e um crescimento sustent\u00e1vel. Melhore o posicionamento no mercado e torne os processos mais eficientes. Entre em contato e descubra como podemos transformar a gest\u00e3o de vendas do seu neg\u00f3cio.\",\"email\":\"alexandre@ahgestaoemarketing.com.br\",\"telephone\":\"+5541988051863\",\"foundingDate\":\"2020-01-01\",\"numberOfEmployees\":{\"@type\":\"QuantitativeValue\",\"minValue\":\"1\",\"maxValue\":\"10\"}}]}<\/script>\n<!-- \/ Yoast SEO Premium plugin. -->","yoast_head_json":{"title":"Contact","robots":{"index":"index","follow":"follow","max-snippet":"max-snippet:-1","max-image-preview":"max-image-preview:large","max-video-preview":"max-video-preview:-1"},"canonical":"https:\/\/ahgestaoemarketing.com.br\/en\/contato\/","og_locale":"en_US","og_type":"article","og_title":"Contato","og_url":"https:\/\/ahgestaoemarketing.com.br\/en\/contato\/","og_site_name":"A\/H - Gest\u00e3o de Vendas &amp; Marketing","article_modified_time":"2025-10-21T15:24:08+00:00","og_image":[{"width":900,"height":900,"url":"https:\/\/ahgestaoemarketing.com.br\/wp-content\/uploads\/2025\/04\/ah-gestao-de-vendas-e-marketing-hotelaria-turismo-hospedagem-rio-grande-do-sul-santa-catarina.jpg","type":"image\/jpeg"}],"twitter_card":"summary_large_image","schema":{"@context":"https:\/\/schema.org","@graph":[{"@type":"WebPage","@id":"https:\/\/ahgestaoemarketing.com.br\/contato\/","url":"https:\/\/ahgestaoemarketing.com.br\/contato\/","name":"Contact","isPartOf":{"@id":"https:\/\/ahgestaoemarketing.com.br\/#website"},"primaryImageOfPage":{"@id":"https:\/\/ahgestaoemarketing.com.br\/contato\/#primaryimage"},"image":{"@id":"https:\/\/ahgestaoemarketing.com.br\/contato\/#primaryimage"},"thumbnailUrl":"https:\/\/ahgestaoemarketing.com.br\/wp-content\/uploads\/2025\/04\/ah-gestao-de-vendas-e-marketing-hotelaria-turismo-hospedagem-rio-grande-do-sul-santa-catarina-e1774659350703.jpg","datePublished":"2025-10-19T03:24:37+00:00","dateModified":"2025-10-21T15:24:08+00:00","breadcrumb":{"@id":"https:\/\/ahgestaoemarketing.com.br\/contato\/#breadcrumb"},"inLanguage":"en-US","potentialAction":[{"@type":"ReadAction","target":["https:\/\/ahgestaoemarketing.com.br\/contato\/"]}]},{"@type":"ImageObject","inLanguage":"en-US","@id":"https:\/\/ahgestaoemarketing.com.br\/contato\/#primaryimage","url":"https:\/\/ahgestaoemarketing.com.br\/wp-content\/uploads\/2025\/04\/ah-gestao-de-vendas-e-marketing-hotelaria-turismo-hospedagem-rio-grande-do-sul-santa-catarina-e1774659350703.jpg","contentUrl":"https:\/\/ahgestaoemarketing.com.br\/wp-content\/uploads\/2025\/04\/ah-gestao-de-vendas-e-marketing-hotelaria-turismo-hospedagem-rio-grande-do-sul-santa-catarina-e1774659350703.jpg","width":750,"height":750,"caption":"Ah Gestao De Vendas E Marketing Hotelaria Turismo Hospedagem Rio Grande Do Sul Santa Catarina"},{"@type":"BreadcrumbList","@id":"https:\/\/ahgestaoemarketing.com.br\/contato\/#breadcrumb","itemListElement":[{"@type":"ListItem","position":1,"name":"In\u00edcio","item":"https:\/\/ahgestaoemarketing.com.br\/"},{"@type":"ListItem","position":2,"name":"Contato"}]},{"@type":"WebSite","@id":"https:\/\/ahgestaoemarketing.com.br\/#website","url":"https:\/\/ahgestaoemarketing.com.br\/","name":"A\/H - Gest\u00e3o de Vendas & Marketing","description":"Consultancy specializing in sales and marketing management for hotels, inns, wineries and tourist enterprises. We focus on diagnosis, strategy and execution. We create customized goals to increase occupancy rates, improve the guest experience and maximize revenue. Business diagnostics, commercial structuring, team integration, digital marketing and strategic training, always guaranteeing results and sustainable growth. Improve market positioning and make processes more efficient. Get in touch and find out how we can transform your business's sales management.","publisher":{"@id":"https:\/\/ahgestaoemarketing.com.br\/#organization"},"alternateName":"A\/H - Gest\u00e3o & Marketing","potentialAction":[{"@type":"SearchAction","target":{"@type":"EntryPoint","urlTemplate":"https:\/\/ahgestaoemarketing.com.br\/?s={search_term_string}"},"query-input":{"@type":"PropertyValueSpecification","valueRequired":true,"valueName":"search_term_string"}}],"inLanguage":"en-US"},{"@type":"Organization","@id":"https:\/\/ahgestaoemarketing.com.br\/#organization","name":"A\/H - Gest\u00e3o de Vendas & Marketing","alternateName":"A\/H - Gest\u00e3o & Marketing","url":"https:\/\/ahgestaoemarketing.com.br\/","logo":{"@type":"ImageObject","inLanguage":"en-US","@id":"https:\/\/ahgestaoemarketing.com.br\/#\/schema\/logo\/image\/","url":"https:\/\/ahgestaoemarketing.com.br\/wp-content\/uploads\/2025\/04\/ah-gestao-de-vendas-e-marketing-hotelaria-turismo-hospedagem-rio-grande-do-sul-santa-catarina.jpg","contentUrl":"https:\/\/ahgestaoemarketing.com.br\/wp-content\/uploads\/2025\/04\/ah-gestao-de-vendas-e-marketing-hotelaria-turismo-hospedagem-rio-grande-do-sul-santa-catarina.jpg","width":900,"height":900,"caption":"A\/H - Gest\u00e3o de Vendas & Marketing"},"image":{"@id":"https:\/\/ahgestaoemarketing.com.br\/#\/schema\/logo\/image\/"},"sameAs":["https:\/\/maps.app.goo.gl\/saSJLnA6h4QBc2mE9","https:\/\/www.youtube.com\/@AHGest\u00e3odeVendaseMarketing","https:\/\/www.linkedin.com\/company\/ah-gestao-de-vendas-e-marketing-consultoria\/","http:\/\/instagram.com\/ah.gestaoemarketing"],"description":"Consultancy specializing in sales and marketing management for hotels, inns, wineries and tourist enterprises. We focus on diagnosis, strategy and execution. We create customized goals to increase occupancy rates, improve the guest experience and maximize revenue. Business diagnostics, commercial structuring, team integration, digital marketing and strategic training, always guaranteeing results and sustainable growth. Improve market positioning and make processes more efficient. Get in touch and find out how we can transform your business's sales management.","email":"alexandre@ahgestaoemarketing.com.br","telephone":"+5541988051863","foundingDate":"2020-01-01","numberOfEmployees":{"@type":"QuantitativeValue","minValue":"1","maxValue":"10"}}]}},"_links":{"self":[{"href":"https:\/\/ahgestaoemarketing.com.br\/en\/wp-json\/wp\/v2\/pages\/481","targetHints":{"allow":["GET"]}}],"collection":[{"href":"https:\/\/ahgestaoemarketing.com.br\/en\/wp-json\/wp\/v2\/pages"}],"about":[{"href":"https:\/\/ahgestaoemarketing.com.br\/en\/wp-json\/wp\/v2\/types\/page"}],"author":[{"embeddable":true,"href":"https:\/\/ahgestaoemarketing.com.br\/en\/wp-json\/wp\/v2\/users\/1"}],"replies":[{"embeddable":true,"href":"https:\/\/ahgestaoemarketing.com.br\/en\/wp-json\/wp\/v2\/comments?post=481"}],"version-history":[{"count":0,"href":"https:\/\/ahgestaoemarketing.com.br\/en\/wp-json\/wp\/v2\/pages\/481\/revisions"}],"wp:featuredmedia":[{"embeddable":true,"href":"https:\/\/ahgestaoemarketing.com.br\/en\/wp-json\/wp\/v2\/media\/112"}],"wp:attachment":[{"href":"https:\/\/ahgestaoemarketing.com.br\/en\/wp-json\/wp\/v2\/media?parent=481"}],"curies":[{"name":"wp","href":"https:\/\/api.w.org\/{rel}","templated":true}]}}